{"id":7841,"date":"2025-11-11T10:00:54","date_gmt":"2025-11-11T09:00:54","guid":{"rendered":"https:\/\/clc-xinteg.de\/?page_id=7841"},"modified":"2026-02-09T09:59:08","modified_gmt":"2026-02-09T08:59:08","slug":"accessibility","status":"publish","type":"page","link":"https:\/\/clc-xinteg.de\/en\/barrierefreiheit\/","title":{"rendered":"Accessibility"},"content":{"rendered":"<p><strong>Description of our services<\/strong><\/p>\n\n\n\n<p>CLC xinteg GmbH offers simple and clever solutions that work directly with SAP. Our solutions help companies to improve their daily work processes.<\/p>\n\n\n\n<p>The solutions can be used flexibly:<\/p>\n\n\n\n<ul class=\"wp-block-list\">\n<li>in your own system (on-premise),<\/li>\n\n\n\n<li>in the cloud<\/li>\n\n\n\n<li>or a combination of both.<\/li>\n<\/ul>\n\n\n\n<p>This enables companies to react quickly and cost-effectively to changes in the market.<\/p>\n\n\n\n<p>Wir schlie\u00dfen L\u00fccken in bestehenden SAP-Prozessen. Daf\u00fcr ist keine aufwendige Programmierung n\u00f6tig. Wir bieten daf\u00fcr praktische SAP-Erweiterungen und bew\u00e4hrte Methoden an, zum Beispiel die <strong>CLC-PADD\u00ae Solution Suite<\/strong>.<\/p>\n\n\n\n<p>These solutions help to easily digitize and improve processes. They are easy to use and make working with SAP clearer.<\/p>\n\n\n\n<p>In this way, we support companies from many sectors in remaining competitive and preparing well for the future.<\/p>\n\n\n\n<hr class=\"wp-block-separator has-alpha-channel-opacity\"\/>\n\n\n\n<p><strong>Declaration on accessibility for www.clc-xinteg.de<\/strong><\/p>\n\n\n\n<p>Die CLC xinteg GmbH arbeitet st\u00e4ndig daran, ihre Webseite barrierefrei zu gestalten. Diese Webseite ist teilweise barrierefrei. Wir orientieren uns an den Richtlinien <strong>WCAG 2.1, Level AA<\/strong>.<\/p>\n\n\n\n<p>Some content is currently not yet fully accessible. This includes, for example<\/p>\n\n\n\n<ul class=\"wp-block-list\">\n<li>certain PDF documents<\/li>\n\n\n\n<li>embedded videos<\/li>\n<\/ul>\n\n\n\n<p>We are improving this content step by step.<\/p>\n\n\n\n<p>Accessibility was assessed by an external service provider and with the help of a web crawling tool. The violations have been documented and we are working on rectifying them. Measures that have already been implemented include the removal of autoplay content and the gradual addition of alternative texts for images and graphics. As a relaunch of the website is planned for 2026, this should be implemented as fully as possible in accordance with the requirements of WCAG 2.1, Level AA. A particular focus will be on improving the previously low color contrasts.<\/p>\n\n\n\n<hr class=\"wp-block-separator has-alpha-channel-opacity\"\/>\n\n\n\n<p><strong>Report barriers and contact<\/strong><\/p>\n\n\n\n<p>If you discover any barriers on our website or have any questions about accessibility, please contact us.<\/p>\n\n\n\n<p><strong>Ansprechpartnerin:<\/strong> Marina Henn<br><strong>E-Mail:<\/strong> info@clc-xinteg.de<br><strong>Telefon:<\/strong> +49 6826 933 477 \u2013 0<\/p>\n\n\n\n<p>Wir beantworten Ihre Anfrage innerhalb von <strong>7 Werktagen<\/strong>.<\/p>\n\n\n\n<hr class=\"wp-block-separator has-alpha-channel-opacity\"\/>\n\n\n\n<p><strong>Further steps towards accessibility<\/strong><\/p>\n\n\n\n<p>We regularly check our website and make improvements. This is how we ensure that we meet the legal requirements for accessibility.<\/p>\n\n\n\n<p>If you are not satisfied with our answer, you can contact an independent body:<\/p>\n\n\n\n<p><strong>Arbitration board in accordance with the Disability Equality Act (BGG)<\/strong><br><a href=\"http:\/\/www.schlichtungsstelle-bgg.de\">www.schlichtungsstelle-bgg.de<\/a><br>Arbitration Board BGG, Mauerstra\u00dfe 53, 10117 Berlin<\/p>\n\n\n\n<hr class=\"wp-block-separator has-alpha-channel-opacity\"\/>\n\n\n\n<p><strong>Third-party services<\/strong><\/p>\n\n\n\n<p>We sometimes use services from other providers on our website. Information on the accessibility of these services can be found on the respective websites of the providers.<\/p>\n\n\n\n<hr class=\"wp-block-separator has-alpha-channel-opacity\"\/>\n\n\n\n<p><strong>Feedback and contact<\/strong><\/p>\n\n\n\n<p>Do you have any questions or comments about the accessibility of our website? We will be happy to help you.<\/p>\n\n\n\n<p><strong>Ansprechpartnerin:<\/strong> Marina Henn<br><strong>Topic:<\/strong> Barrierefreiheit bei der CLC xinteg GmbH<br><strong>E-Mail:<\/strong> info@clc-xinteg.de<\/p>\n\n\n\n<hr class=\"wp-block-separator has-alpha-channel-opacity\"\/>\n\n\n\n<p><strong>Zuletzt aktualisiert am:<\/strong> 09. Februar 2026<\/p>","protected":false},"excerpt":{"rendered":"<p>Beschreibung unserer Services Die CLC xinteg GmbH bietet einfache und clevere L\u00f6sungen, die direkt mit SAP arbeiten. Unsere L\u00f6sungen helfen Unternehmen dabei, ihre t\u00e4glichen Arbeitsabl\u00e4ufe zu verbessern. Die L\u00f6sungen sind flexibel nutzbar: So k\u00f6nnen Unternehmen schnell und g\u00fcnstig auf Ver\u00e4nderungen im Markt reagieren. Wir schlie\u00dfen L\u00fccken in bestehenden SAP-Prozessen. Daf\u00fcr ist keine aufwendige Programmierung n\u00f6tig. [&hellip;]<\/p>\n","protected":false},"author":13,"featured_media":0,"parent":0,"menu_order":0,"comment_status":"closed","ping_status":"closed","template":"","meta":{"_acf_changed":false,"footnotes":""},"hf_cat_page":[],"class_list":["post-7841","page","type-page","status-publish","hentry"],"acf":[],"_links":{"self":[{"href":"https:\/\/clc-xinteg.de\/en\/wp-json\/wp\/v2\/pages\/7841","targetHints":{"allow":["GET"]}}],"collection":[{"href":"https:\/\/clc-xinteg.de\/en\/wp-json\/wp\/v2\/pages"}],"about":[{"href":"https:\/\/clc-xinteg.de\/en\/wp-json\/wp\/v2\/types\/page"}],"author":[{"embeddable":true,"href":"https:\/\/clc-xinteg.de\/en\/wp-json\/wp\/v2\/users\/13"}],"replies":[{"embeddable":true,"href":"https:\/\/clc-xinteg.de\/en\/wp-json\/wp\/v2\/comments?post=7841"}],"version-history":[{"count":15,"href":"https:\/\/clc-xinteg.de\/en\/wp-json\/wp\/v2\/pages\/7841\/revisions"}],"predecessor-version":[{"id":8252,"href":"https:\/\/clc-xinteg.de\/en\/wp-json\/wp\/v2\/pages\/7841\/revisions\/8252"}],"wp:attachment":[{"href":"https:\/\/clc-xinteg.de\/en\/wp-json\/wp\/v2\/media?parent=7841"}],"wp:term":[{"taxonomy":"hf_cat_page","embeddable":true,"href":"https:\/\/clc-xinteg.de\/en\/wp-json\/wp\/v2\/hf_cat_page?post=7841"}],"curies":[{"name":"wp","href":"https:\/\/api.w.org\/{rel}","templated":true}]}}